{"id":134,"date":"2021-01-21T15:46:04","date_gmt":"2021-01-21T14:46:04","guid":{"rendered":"http:\/\/ostealia.fr\/?page_id=134"},"modified":"2021-01-25T12:07:29","modified_gmt":"2021-01-25T11:07:29","slug":"bebe","status":"publish","type":"page","link":"https:\/\/ostealia.fr\/?page_id=134","title":{"rendered":"B\u00e9b\u00e9"},"content":{"rendered":"\n<div class=\"wp-block-media-text alignwide is-stacked-on-mobile\"><figure class=\"wp-block-media-text__media\"><img loading=\"lazy\" width=\"960\" height=\"642\" src=\"http:\/\/ostealia.fr\/wp-content\/uploads\/2021\/01\/Sans-titre-2-1.jpg\" alt=\"\" class=\"wp-image-292\"\/><\/figure><div class=\"wp-block-media-text__content\">\n<h2><\/h2>\n\n\n\n<p>Le but d&#8217;une s\u00e9ance pour un nourrisson est d&#8217;enlever toutes les tensions accumul\u00e9es in utero pendant les 9 mois de grossesse et lors de l\u2019accouchement. Votre b\u00e9b\u00e9 subit de nombreuses contraintes qui peuvent entrainer des r\u00e9percutions sur la mobilit\u00e9 de son corps et apporter diff\u00e9rents troubles :<\/p>\n\n\n\n<ul><li><strong>Digestifs<\/strong> : Reflux Gastro-Oesophagien (RGO), r\u00e9gurgitations importantes et vomissements, coliques, diarrh\u00e9es, constipation et troubles de la digestion, allaitement difficile&#8230; <\/li><li><strong>Sommeil<\/strong> : difficult\u00e9s \u00e0 faire ses nuits, difficult\u00e9 \u00e0 s\u2019endormir seul..<\/li><li><strong>Troubles du comportement<\/strong> : hyper ou hypoactivit\u00e9.<\/li><li><strong>ORL chroniques<\/strong> (otites, nez qui coule, bronchites&#8230;), strabisme.<\/li><li><strong>Cr\u00e2ne<\/strong> : Torticolis, asym\u00e9trie physique de t\u00eate (plagioc\u00e9phalie) ou du corps<\/li><li><strong>Trouble de d\u00e9veloppement moteur<\/strong> : difficult\u00e9 \u00e0 se retourner sur le dos puis le ventre et inversement, tenir assis, le quatre pattes, se tenir debout et enfin marcher.<\/li><\/ul>\n<\/div><\/div>\n\n\n\n<p><\/p>\n","protected":false},"excerpt":{"rendered":"<p>Le but d&#8217;une s\u00e9ance pour un nourrisson est d&#8217;enlever toutes les tensions accumul\u00e9es in utero pendant les 9 mois de grossesse et lors de l\u2019accouchement. Votre b\u00e9b\u00e9 subit de nombreuses contraintes qui peuvent entrainer des r\u00e9percutions sur la mobilit\u00e9 de son corps et apporter diff\u00e9rents troubles : Digestifs : Reflux Gastro-Oesophagien (RGO), r\u00e9gurgitations importantes et &hellip; <\/p>\n<p class=\"link-more\"><a href=\"https:\/\/ostealia.fr\/?page_id=134\" class=\"more-link\">Continue reading<span class=\"screen-reader-text\"> &#8220;B\u00e9b\u00e9&#8221;<\/span><\/a><\/p>\n","protected":false},"author":1,"featured_media":0,"parent":0,"menu_order":0,"comment_status":"closed","ping_status":"closed","template":"","meta":[],"rttpg_featured_image_url":null,"rttpg_author":{"display_name":"Ostealia","author_link":"https:\/\/ostealia.fr\/?author=1"},"rttpg_comment":0,"rttpg_category":null,"rttpg_excerpt":"Le but d&#8217;une s\u00e9ance pour un nourrisson est d&#8217;enlever toutes les tensions accumul\u00e9es in utero pendant les 9 mois de grossesse et lors de l\u2019accouchement. Votre b\u00e9b\u00e9 subit de nombreuses contraintes qui peuvent entrainer des r\u00e9percutions sur la mobilit\u00e9 de son corps et apporter diff\u00e9rents troubles : Digestifs : Reflux Gastro-Oesophagien (RGO), r\u00e9gurgitations importantes et&hellip;","_links":{"self":[{"href":"https:\/\/ostealia.fr\/index.php?rest_route=\/wp\/v2\/pages\/134"}],"collection":[{"href":"https:\/\/ostealia.fr\/index.php?rest_route=\/wp\/v2\/pages"}],"about":[{"href":"https:\/\/ostealia.fr\/index.php?rest_route=\/wp\/v2\/types\/page"}],"author":[{"embeddable":true,"href":"https:\/\/ostealia.fr\/index.php?rest_route=\/wp\/v2\/users\/1"}],"replies":[{"embeddable":true,"href":"https:\/\/ostealia.fr\/index.php?rest_route=%2Fwp%2Fv2%2Fcomments&post=134"}],"version-history":[{"count":9,"href":"https:\/\/ostealia.fr\/index.php?rest_route=\/wp\/v2\/pages\/134\/revisions"}],"predecessor-version":[{"id":347,"href":"https:\/\/ostealia.fr\/index.php?rest_route=\/wp\/v2\/pages\/134\/revisions\/347"}],"wp:attachment":[{"href":"https:\/\/ostealia.fr\/index.php?rest_route=%2Fwp%2Fv2%2Fmedia&parent=134"}],"curies":[{"name":"wp","href":"https:\/\/api.w.org\/{rel}","templated":true}]}}