{"id":158,"date":"2021-01-21T16:16:45","date_gmt":"2021-01-21T15:16:45","guid":{"rendered":"http:\/\/ostealia.fr\/?page_id=158"},"modified":"2021-01-25T12:07:41","modified_gmt":"2021-01-25T11:07:41","slug":"enfants-ados","status":"publish","type":"page","link":"https:\/\/ostealia.fr\/?page_id=158","title":{"rendered":"Enfants\/ados"},"content":{"rendered":"\n<div class=\"wp-block-media-text alignwide is-stacked-on-mobile\"><figure class=\"wp-block-media-text__media\"><img loading=\"lazy\" width=\"1024\" height=\"732\" src=\"http:\/\/ostealia.fr\/wp-content\/uploads\/2021\/01\/full-shot-kids-playing-outdoors-copie-1024x732.jpg\" alt=\"\" class=\"wp-image-147\"\/><\/figure><div class=\"wp-block-media-text__content\">\n<p><\/p>\n\n\n\n<p>Pour l\u2019enfant au jeune adulte, notre objectif sera de l\u2019accompagner durant sa croissance et de rem\u00e9dier aux troubles fonctionnels qu\u2019il peut rencontrer lors de traumatismes r\u00e9p\u00e9t\u00e9s (chute, sport..) mais \u00e9galement dans le suivi de scoliose ou d\u2019attitude scoliotique. Maux de t\u00eate, douleurs articulaires, musculaires ou autres. Port d&#8217;un appareil dentaire, affections ORL \u00e0 r\u00e9p\u00e9tition, troubles digestifs (diarrh\u00e9e, constipation). Mais aussi pour des difficult\u00e9s de concentration \u00e0 l&#8217;\u00e9cole, d\u2019hyper activit\u00e9 ou hypo activit\u00e9, ainsi que les perturbations de son sommeil.<\/p>\n<\/div><\/div>\n","protected":false},"excerpt":{"rendered":"<p>Pour l\u2019enfant au jeune adulte, notre objectif sera de l\u2019accompagner durant sa croissance et de rem\u00e9dier aux troubles fonctionnels qu\u2019il peut rencontrer lors de traumatismes r\u00e9p\u00e9t\u00e9s (chute, sport..) mais \u00e9galement dans le suivi de scoliose ou d\u2019attitude scoliotique. Maux de t\u00eate, douleurs articulaires, musculaires ou autres. Port d&#8217;un appareil dentaire, affections ORL \u00e0 r\u00e9p\u00e9tition, troubles &hellip; <\/p>\n<p class=\"link-more\"><a href=\"https:\/\/ostealia.fr\/?page_id=158\" class=\"more-link\">Continue reading<span class=\"screen-reader-text\"> &#8220;Enfants\/ados&#8221;<\/span><\/a><\/p>\n","protected":false},"author":1,"featured_media":0,"parent":0,"menu_order":0,"comment_status":"closed","ping_status":"closed","template":"","meta":[],"rttpg_featured_image_url":null,"rttpg_author":{"display_name":"Ostealia","author_link":"https:\/\/ostealia.fr\/?author=1"},"rttpg_comment":0,"rttpg_category":null,"rttpg_excerpt":"Pour l\u2019enfant au jeune adulte, notre objectif sera de l\u2019accompagner durant sa croissance et de rem\u00e9dier aux troubles fonctionnels qu\u2019il peut rencontrer lors de traumatismes r\u00e9p\u00e9t\u00e9s (chute, sport..) mais \u00e9galement dans le suivi de scoliose ou d\u2019attitude scoliotique. Maux de t\u00eate, douleurs articulaires, musculaires ou autres. Port d&#8217;un appareil dentaire, affections ORL \u00e0 r\u00e9p\u00e9tition, troubles&hellip;","_links":{"self":[{"href":"https:\/\/ostealia.fr\/index.php?rest_route=\/wp\/v2\/pages\/158"}],"collection":[{"href":"https:\/\/ostealia.fr\/index.php?rest_route=\/wp\/v2\/pages"}],"about":[{"href":"https:\/\/ostealia.fr\/index.php?rest_route=\/wp\/v2\/types\/page"}],"author":[{"embeddable":true,"href":"https:\/\/ostealia.fr\/index.php?rest_route=\/wp\/v2\/users\/1"}],"replies":[{"embeddable":true,"href":"https:\/\/ostealia.fr\/index.php?rest_route=%2Fwp%2Fv2%2Fcomments&post=158"}],"version-history":[{"count":5,"href":"https:\/\/ostealia.fr\/index.php?rest_route=\/wp\/v2\/pages\/158\/revisions"}],"predecessor-version":[{"id":348,"href":"https:\/\/ostealia.fr\/index.php?rest_route=\/wp\/v2\/pages\/158\/revisions\/348"}],"wp:attachment":[{"href":"https:\/\/ostealia.fr\/index.php?rest_route=%2Fwp%2Fv2%2Fmedia&parent=158"}],"curies":[{"name":"wp","href":"https:\/\/api.w.org\/{rel}","templated":true}]}}