{"id":161,"date":"2021-01-21T16:18:15","date_gmt":"2021-01-21T15:18:15","guid":{"rendered":"http:\/\/ostealia.fr\/?page_id=161"},"modified":"2021-01-25T12:07:20","modified_gmt":"2021-01-25T11:07:20","slug":"adultes","status":"publish","type":"page","link":"https:\/\/ostealia.fr\/?page_id=161","title":{"rendered":"Adultes"},"content":{"rendered":"\n<div class=\"wp-block-media-text alignwide is-stacked-on-mobile\"><figure class=\"wp-block-media-text__media\"><img loading=\"lazy\" width=\"1024\" height=\"683\" src=\"http:\/\/ostealia.fr\/wp-content\/uploads\/2021\/01\/Sans-titre-3-1024x683.jpg\" alt=\"\" class=\"wp-image-206\"\/><\/figure><div class=\"wp-block-media-text__content\">\n<p><\/p>\n\n\n\n<p>La prise en charge de l\u2019adulte prend en compte toutes les douleurs aigu\u00ebs ou chroniques pouvant relever d\u2019ant\u00e9c\u00e9dents traumatiques, chirurgicaux ou non. Cela comprend les maux de t\u00eate, troubles digestifs (reflux, diarrh\u00e9e, constipation&#8230;), ORL (rhinites, sinusites&#8230;) , cardio-vasculaires (mauvais retour veineux, h\u00e9morro\u00efdes&#8230;), pulmonaires, gyn\u00e9cologiques ou urinaires (cycles douloureux, cystite&#8230;), neuro-v\u00e9g\u00e9tatif (stress, choc \u00e9motionnel&#8230;), neurologiques (sciatique, n\u00e9vralgie&#8230;)<\/p>\n<\/div><\/div>\n","protected":false},"excerpt":{"rendered":"<p>La prise en charge de l\u2019adulte prend en compte toutes les douleurs aigu\u00ebs ou chroniques pouvant relever d\u2019ant\u00e9c\u00e9dents traumatiques, chirurgicaux ou non. Cela comprend les maux de t\u00eate, troubles digestifs (reflux, diarrh\u00e9e, constipation&#8230;), ORL (rhinites, sinusites&#8230;) , cardio-vasculaires (mauvais retour veineux, h\u00e9morro\u00efdes&#8230;), pulmonaires, gyn\u00e9cologiques ou urinaires (cycles douloureux, cystite&#8230;), neuro-v\u00e9g\u00e9tatif (stress, choc \u00e9motionnel&#8230;), neurologiques (sciatique, &hellip; <\/p>\n<p class=\"link-more\"><a href=\"https:\/\/ostealia.fr\/?page_id=161\" class=\"more-link\">Continue reading<span class=\"screen-reader-text\"> &#8220;Adultes&#8221;<\/span><\/a><\/p>\n","protected":false},"author":1,"featured_media":0,"parent":0,"menu_order":0,"comment_status":"closed","ping_status":"closed","template":"","meta":[],"rttpg_featured_image_url":null,"rttpg_author":{"display_name":"Ostealia","author_link":"https:\/\/ostealia.fr\/?author=1"},"rttpg_comment":0,"rttpg_category":null,"rttpg_excerpt":"La prise en charge de l\u2019adulte prend en compte toutes les douleurs aigu\u00ebs ou chroniques pouvant relever d\u2019ant\u00e9c\u00e9dents traumatiques, chirurgicaux ou non. Cela comprend les maux de t\u00eate, troubles digestifs (reflux, diarrh\u00e9e, constipation&#8230;), ORL (rhinites, sinusites&#8230;) , cardio-vasculaires (mauvais retour veineux, h\u00e9morro\u00efdes&#8230;), pulmonaires, gyn\u00e9cologiques ou urinaires (cycles douloureux, cystite&#8230;), neuro-v\u00e9g\u00e9tatif (stress, choc \u00e9motionnel&#8230;), neurologiques (sciatique,&hellip;","_links":{"self":[{"href":"https:\/\/ostealia.fr\/index.php?rest_route=\/wp\/v2\/pages\/161"}],"collection":[{"href":"https:\/\/ostealia.fr\/index.php?rest_route=\/wp\/v2\/pages"}],"about":[{"href":"https:\/\/ostealia.fr\/index.php?rest_route=\/wp\/v2\/types\/page"}],"author":[{"embeddable":true,"href":"https:\/\/ostealia.fr\/index.php?rest_route=\/wp\/v2\/users\/1"}],"replies":[{"embeddable":true,"href":"https:\/\/ostealia.fr\/index.php?rest_route=%2Fwp%2Fv2%2Fcomments&post=161"}],"version-history":[{"count":8,"href":"https:\/\/ostealia.fr\/index.php?rest_route=\/wp\/v2\/pages\/161\/revisions"}],"predecessor-version":[{"id":402,"href":"https:\/\/ostealia.fr\/index.php?rest_route=\/wp\/v2\/pages\/161\/revisions\/402"}],"wp:attachment":[{"href":"https:\/\/ostealia.fr\/index.php?rest_route=%2Fwp%2Fv2%2Fmedia&parent=161"}],"curies":[{"name":"wp","href":"https:\/\/api.w.org\/{rel}","templated":true}]}}