{"id":172,"date":"2021-01-21T16:57:53","date_gmt":"2021-01-21T15:57:53","guid":{"rendered":"http:\/\/ostealia.fr\/?page_id=172"},"modified":"2021-01-25T12:08:10","modified_gmt":"2021-01-25T11:08:10","slug":"sportifs","status":"publish","type":"page","link":"https:\/\/ostealia.fr\/?page_id=172","title":{"rendered":"Sportifs"},"content":{"rendered":"\n<div class=\"wp-block-media-text alignwide is-stacked-on-mobile\"><figure class=\"wp-block-media-text__media\"><img loading=\"lazy\" width=\"1024\" height=\"683\" src=\"http:\/\/ostealia.fr\/wp-content\/uploads\/2021\/01\/Sans-titre-6-1024x683.jpg\" alt=\"\" class=\"wp-image-221\"\/><\/figure><div class=\"wp-block-media-text__content\">\n<p><\/p>\n\n\n\n<p>Que vous soyez dans un milieu sportif professionnel ou amateur, le corps est soumis \u00e0 des microtraumatismes et traumatismes pouvant alt\u00e9rer votre \u00e9tat g\u00e9n\u00e9ral. Notre objectif sera d\u2019optimiser vos zones de contraintes afin d&#8217;\u00e9viter les blessures, mais \u00e9galement optimiser vos performances. Que ce soit pour des douleurs articulaires et\/ou musculaires, tendinites, entorses, d\u00e9chirures ou encore des contractures musculaires, des pubalgies. Nous serons \u00e9galement pr\u00e9sents pour vous aider lors de pr\u00e9paration ou de r\u00e9cup\u00e9ration difficile entre et apr\u00e8s vos efforts.<\/p>\n<\/div><\/div>\n","protected":false},"excerpt":{"rendered":"<p>Que vous soyez dans un milieu sportif professionnel ou amateur, le corps est soumis \u00e0 des microtraumatismes et traumatismes pouvant alt\u00e9rer votre \u00e9tat g\u00e9n\u00e9ral. Notre objectif sera d\u2019optimiser vos zones de contraintes afin d&#8217;\u00e9viter les blessures, mais \u00e9galement optimiser vos performances. Que ce soit pour des douleurs articulaires et\/ou musculaires, tendinites, entorses, d\u00e9chirures ou encore &hellip; <\/p>\n<p class=\"link-more\"><a href=\"https:\/\/ostealia.fr\/?page_id=172\" class=\"more-link\">Continue reading<span class=\"screen-reader-text\"> &#8220;Sportifs&#8221;<\/span><\/a><\/p>\n","protected":false},"author":1,"featured_media":0,"parent":0,"menu_order":0,"comment_status":"closed","ping_status":"closed","template":"","meta":[],"rttpg_featured_image_url":null,"rttpg_author":{"display_name":"Ostealia","author_link":"https:\/\/ostealia.fr\/?author=1"},"rttpg_comment":0,"rttpg_category":null,"rttpg_excerpt":"Que vous soyez dans un milieu sportif professionnel ou amateur, le corps est soumis \u00e0 des microtraumatismes et traumatismes pouvant alt\u00e9rer votre \u00e9tat g\u00e9n\u00e9ral. Notre objectif sera d\u2019optimiser vos zones de contraintes afin d&#8217;\u00e9viter les blessures, mais \u00e9galement optimiser vos performances. Que ce soit pour des douleurs articulaires et\/ou musculaires, tendinites, entorses, d\u00e9chirures ou encore&hellip;","_links":{"self":[{"href":"https:\/\/ostealia.fr\/index.php?rest_route=\/wp\/v2\/pages\/172"}],"collection":[{"href":"https:\/\/ostealia.fr\/index.php?rest_route=\/wp\/v2\/pages"}],"about":[{"href":"https:\/\/ostealia.fr\/index.php?rest_route=\/wp\/v2\/types\/page"}],"author":[{"embeddable":true,"href":"https:\/\/ostealia.fr\/index.php?rest_route=\/wp\/v2\/users\/1"}],"replies":[{"embeddable":true,"href":"https:\/\/ostealia.fr\/index.php?rest_route=%2Fwp%2Fv2%2Fcomments&post=172"}],"version-history":[{"count":6,"href":"https:\/\/ostealia.fr\/index.php?rest_route=\/wp\/v2\/pages\/172\/revisions"}],"predecessor-version":[{"id":351,"href":"https:\/\/ostealia.fr\/index.php?rest_route=\/wp\/v2\/pages\/172\/revisions\/351"}],"wp:attachment":[{"href":"https:\/\/ostealia.fr\/index.php?rest_route=%2Fwp%2Fv2%2Fmedia&parent=172"}],"curies":[{"name":"wp","href":"https:\/\/api.w.org\/{rel}","templated":true}]}}