{"id":184,"date":"2021-01-21T17:08:44","date_gmt":"2021-01-21T16:08:44","guid":{"rendered":"http:\/\/ostealia.fr\/?page_id=184"},"modified":"2021-01-25T12:07:53","modified_gmt":"2021-01-25T11:07:53","slug":"femmes-enceintes-et-post-partum","status":"publish","type":"page","link":"https:\/\/ostealia.fr\/?page_id=184","title":{"rendered":"Femmes enceintes et post partum"},"content":{"rendered":"\n<div class=\"wp-block-media-text alignwide is-stacked-on-mobile\"><figure class=\"wp-block-media-text__media\"><img loading=\"lazy\" width=\"1024\" height=\"683\" src=\"http:\/\/ostealia.fr\/wp-content\/uploads\/2021\/01\/Sans-titre-4-1-1024x683.jpg\" alt=\"\" class=\"wp-image-211\"\/><\/figure><div class=\"wp-block-media-text__content\">\n<h2 class=\"has-text-color\" style=\"color:#0071a1\">Femmes enceintes<\/h2>\n\n\n\n<p>Lors de la grossesse, le corps de la femme change et s\u2019adapte pour accueillir son b\u00e9b\u00e9. Mais parfois certaines probl\u00e9matiques apparaissent et emp\u00eacher la future maman de vivre pleinement cette venue au monde. L\u2019ost\u00e9opathe va \u00e9laborer une th\u00e9rapie chaque trimestre en fonction de vos besoins. Suivi de grossesse, pr\u00e9paration \u00e0 l\u2019accouchement, douleurs de dos, au coccyx, sciatique, cruralgie, digestion difficile, naus\u00e9es, vomissements, reflux, ballonnements et troubles du transit. Mais aussi d\u2019insomnie, stress, oppression thoracique&#8230;<br>Un suivi m\u00e9dical est indispensable durant votre grossesse et celui-ci ne se substitue en aucun cas par une s\u00e9ance d\u2019ost\u00e9opathie.<\/p>\n<\/div><\/div>\n\n\n\n<p><\/p>\n\n\n\n<div class=\"wp-block-media-text alignwide has-media-on-the-right is-stacked-on-mobile\"><figure class=\"wp-block-media-text__media\"><img loading=\"lazy\" width=\"960\" height=\"640\" src=\"http:\/\/ostealia.fr\/wp-content\/uploads\/2021\/01\/baby-20339_960_720.jpg\" alt=\"\" class=\"wp-image-215\"\/><\/figure><div class=\"wp-block-media-text__content\">\n<h2 class=\"has-text-color\" style=\"color:#0071a1\">Post Partum<\/h2>\n\n\n\n<p>Apr\u00e8s l\u2019accouchement, une s\u00e9ance d\u2019ost\u00e9opathie est recommand\u00e9e pour retrouver toute sa mobilit\u00e9, et  s\u2019assurer notamment de qu\u2019il n\u2019y ai pas de contraintes au niveau du bassin, de la sph\u00e8re digestive, gyn\u00e9cologique et pelvienne en g\u00e9n\u00e9ral.<br>Mais \u00e9galement d\u2019accompagner la maman depuis l\u2019arriv\u00e9e de son enfant, dans son allaitement, manque de sommeil, stress, portage du b\u00e9b\u00e9&#8230;<\/p>\n<\/div><\/div>\n","protected":false},"excerpt":{"rendered":"<p>Femmes enceintes Lors de la grossesse, le corps de la femme change et s\u2019adapte pour accueillir son b\u00e9b\u00e9. Mais parfois certaines probl\u00e9matiques apparaissent et emp\u00eacher la future maman de vivre pleinement cette venue au monde. L\u2019ost\u00e9opathe va \u00e9laborer une th\u00e9rapie chaque trimestre en fonction de vos besoins. Suivi de grossesse, pr\u00e9paration \u00e0 l\u2019accouchement, douleurs de &hellip; <\/p>\n<p class=\"link-more\"><a href=\"https:\/\/ostealia.fr\/?page_id=184\" class=\"more-link\">Continue reading<span class=\"screen-reader-text\"> &#8220;Femmes enceintes et post partum&#8221;<\/span><\/a><\/p>\n","protected":false},"author":1,"featured_media":0,"parent":0,"menu_order":0,"comment_status":"closed","ping_status":"closed","template":"","meta":[],"rttpg_featured_image_url":null,"rttpg_author":{"display_name":"Ostealia","author_link":"https:\/\/ostealia.fr\/?author=1"},"rttpg_comment":0,"rttpg_category":null,"rttpg_excerpt":"Femmes enceintes Lors de la grossesse, le corps de la femme change et s\u2019adapte pour accueillir son b\u00e9b\u00e9. Mais parfois certaines probl\u00e9matiques apparaissent et emp\u00eacher la future maman de vivre pleinement cette venue au monde. L\u2019ost\u00e9opathe va \u00e9laborer une th\u00e9rapie chaque trimestre en fonction de vos besoins. Suivi de grossesse, pr\u00e9paration \u00e0 l\u2019accouchement, douleurs de&hellip;","_links":{"self":[{"href":"https:\/\/ostealia.fr\/index.php?rest_route=\/wp\/v2\/pages\/184"}],"collection":[{"href":"https:\/\/ostealia.fr\/index.php?rest_route=\/wp\/v2\/pages"}],"about":[{"href":"https:\/\/ostealia.fr\/index.php?rest_route=\/wp\/v2\/types\/page"}],"author":[{"embeddable":true,"href":"https:\/\/ostealia.fr\/index.php?rest_route=\/wp\/v2\/users\/1"}],"replies":[{"embeddable":true,"href":"https:\/\/ostealia.fr\/index.php?rest_route=%2Fwp%2Fv2%2Fcomments&post=184"}],"version-history":[{"count":10,"href":"https:\/\/ostealia.fr\/index.php?rest_route=\/wp\/v2\/pages\/184\/revisions"}],"predecessor-version":[{"id":349,"href":"https:\/\/ostealia.fr\/index.php?rest_route=\/wp\/v2\/pages\/184\/revisions\/349"}],"wp:attachment":[{"href":"https:\/\/ostealia.fr\/index.php?rest_route=%2Fwp%2Fv2%2Fmedia&parent=184"}],"curies":[{"name":"wp","href":"https:\/\/api.w.org\/{rel}","templated":true}]}}