{"id":186,"date":"2021-01-21T17:10:17","date_gmt":"2021-01-21T16:10:17","guid":{"rendered":"http:\/\/ostealia.fr\/?page_id=186"},"modified":"2021-01-25T12:08:02","modified_gmt":"2021-01-25T11:08:02","slug":"seniors","status":"publish","type":"page","link":"https:\/\/ostealia.fr\/?page_id=186","title":{"rendered":"Seniors"},"content":{"rendered":"\n<div class=\"wp-block-media-text alignwide is-stacked-on-mobile\"><figure class=\"wp-block-media-text__media\"><img loading=\"lazy\" width=\"1024\" height=\"683\" src=\"http:\/\/ostealia.fr\/wp-content\/uploads\/2021\/01\/im-1024x683.jpg\" alt=\"\" class=\"wp-image-294\"\/><\/figure><div class=\"wp-block-media-text__content\">\n<p><\/p>\n\n\n\n<p>Au cours de la vie, le corps perd de fa\u00e7on naturelle de sa mobilit\u00e9, les mouvements sont moins souples et l\u2019\u00e9quilibre moins stables. L\u2019ost\u00e9opathie va participer \u00e0 la r\u00e9gulation et l\u2019entretien des mouvements et des fonctions physiologiques. Par exemple, pour soulager certaines pathologies rhumatismales, l\u2019arthrose, les troubles digestifs, les vertiges, troubles du sommeil&#8230; nous prenons en compte les douleurs aigu\u00ebs et chroniques, inflammatoires ou non. Et limiter dans certains cas la prise d\u2019antalgiques.<\/p>\n<\/div><\/div>\n","protected":false},"excerpt":{"rendered":"<p>Au cours de la vie, le corps perd de fa\u00e7on naturelle de sa mobilit\u00e9, les mouvements sont moins souples et l\u2019\u00e9quilibre moins stables. L\u2019ost\u00e9opathie va participer \u00e0 la r\u00e9gulation et l\u2019entretien des mouvements et des fonctions physiologiques. Par exemple, pour soulager certaines pathologies rhumatismales, l\u2019arthrose, les troubles digestifs, les vertiges, troubles du sommeil&#8230; nous prenons &hellip; <\/p>\n<p class=\"link-more\"><a href=\"https:\/\/ostealia.fr\/?page_id=186\" class=\"more-link\">Continue reading<span class=\"screen-reader-text\"> &#8220;Seniors&#8221;<\/span><\/a><\/p>\n","protected":false},"author":1,"featured_media":0,"parent":0,"menu_order":0,"comment_status":"closed","ping_status":"closed","template":"","meta":[],"rttpg_featured_image_url":null,"rttpg_author":{"display_name":"Ostealia","author_link":"https:\/\/ostealia.fr\/?author=1"},"rttpg_comment":0,"rttpg_category":null,"rttpg_excerpt":"Au cours de la vie, le corps perd de fa\u00e7on naturelle de sa mobilit\u00e9, les mouvements sont moins souples et l\u2019\u00e9quilibre moins stables. L\u2019ost\u00e9opathie va participer \u00e0 la r\u00e9gulation et l\u2019entretien des mouvements et des fonctions physiologiques. Par exemple, pour soulager certaines pathologies rhumatismales, l\u2019arthrose, les troubles digestifs, les vertiges, troubles du sommeil&#8230; nous prenons&hellip;","_links":{"self":[{"href":"https:\/\/ostealia.fr\/index.php?rest_route=\/wp\/v2\/pages\/186"}],"collection":[{"href":"https:\/\/ostealia.fr\/index.php?rest_route=\/wp\/v2\/pages"}],"about":[{"href":"https:\/\/ostealia.fr\/index.php?rest_route=\/wp\/v2\/types\/page"}],"author":[{"embeddable":true,"href":"https:\/\/ostealia.fr\/index.php?rest_route=\/wp\/v2\/users\/1"}],"replies":[{"embeddable":true,"href":"https:\/\/ostealia.fr\/index.php?rest_route=%2Fwp%2Fv2%2Fcomments&post=186"}],"version-history":[{"count":5,"href":"https:\/\/ostealia.fr\/index.php?rest_route=\/wp\/v2\/pages\/186\/revisions"}],"predecessor-version":[{"id":350,"href":"https:\/\/ostealia.fr\/index.php?rest_route=\/wp\/v2\/pages\/186\/revisions\/350"}],"wp:attachment":[{"href":"https:\/\/ostealia.fr\/index.php?rest_route=%2Fwp%2Fv2%2Fmedia&parent=186"}],"curies":[{"name":"wp","href":"https:\/\/api.w.org\/{rel}","templated":true}]}}