{"id":313,"date":"2021-01-25T11:18:44","date_gmt":"2021-01-25T10:18:44","guid":{"rendered":"http:\/\/ostealia.fr\/?page_id=313"},"modified":"2021-01-25T17:36:52","modified_gmt":"2021-01-25T16:36:52","slug":"actualites","status":"publish","type":"page","link":"https:\/\/ostealia.fr\/?page_id=313","title":{"rendered":"Actualit\u00e9s"},"content":{"rendered":"<ul class=\"wp-block-latest-posts wp-block-latest-posts__list aligncenter is-grid columns-3 has-dates\"><li><div class=\"wp-block-latest-posts__featured-image aligncenter\"><img width=\"275\" height=\"183\" src=\"https:\/\/ostealia.fr\/wp-content\/uploads\/2024\/12\/Unknown.jpeg\" class=\"attachment-medium size-medium wp-post-image\" alt=\"\" loading=\"lazy\" style=\"max-width:300px;\" sizes=\"100vw\" \/><\/div><a href=\"https:\/\/ostealia.fr\/?p=468\">Marie Dumillier int\u00e8gre l&#8217;espace Ost\u00e9alia et propose du Shiatsu et de la m\u00e9decine chinoise antique<\/a><time datetime=\"2024-12-11T11:51:52+01:00\" class=\"wp-block-latest-posts__post-date\">11 December 2024<\/time><div class=\"wp-block-latest-posts__post-excerpt\">Marie Dumillier est praticienne en shiatsu et m\u00e9decine chinoise antique Elle propose des RDV le mercredi matin et le &hellip; <p class=\"link-more\"><a href=\"https:\/\/ostealia.fr\/?p=468\" class=\"more-link\">Continue reading<span class=\"screen-reader-text\"> &#8220;Marie Dumillier int\u00e8gre l&#8217;espace Ost\u00e9alia et propose du Shiatsu et de la m\u00e9decine chinoise antique&#8221;<\/span><\/a><\/p><\/div><\/li>\n<li><div class=\"wp-block-latest-posts__featured-image aligncenter\"><img width=\"300\" height=\"300\" src=\"https:\/\/ostealia.fr\/wp-content\/uploads\/2024\/12\/642193813000006f7247d430-1-300x300.png\" class=\"attachment-medium size-medium wp-post-image\" alt=\"\" loading=\"lazy\" style=\"max-width:300px;\" sizes=\"100vw\" \/><\/div><a href=\"https:\/\/ostealia.fr\/?p=463\">Oc\u00e9ane Chabot rejoint L&#8217;espace Ost\u00e9alia<\/a><time datetime=\"2024-12-11T10:22:08+01:00\" class=\"wp-block-latest-posts__post-date\">11 December 2024<\/time><div class=\"wp-block-latest-posts__post-excerpt\">Oc\u00e9ane Chabot propose des massages bien-\u00eatre \u00e0 l&#8217;espace Ost\u00e9alia. Le Lundi de 15-20h Le Mardi 9h-13h30 Le jeudi 9h-19h &hellip; <p class=\"link-more\"><a href=\"https:\/\/ostealia.fr\/?p=463\" class=\"more-link\">Continue reading<span class=\"screen-reader-text\"> &#8220;Oc\u00e9ane Chabot rejoint L&#8217;espace Ost\u00e9alia&#8221;<\/span><\/a><\/p><\/div><\/li>\n<li><div class=\"wp-block-latest-posts__featured-image aligncenter\"><img width=\"300\" height=\"169\" src=\"https:\/\/ostealia.fr\/wp-content\/uploads\/2021\/03\/2021-03-08-300x169.jpg\" class=\"attachment-medium size-medium wp-post-image\" alt=\"\" loading=\"lazy\" style=\"max-width:300px;\" sizes=\"100vw\" \/><\/div><a href=\"https:\/\/ostealia.fr\/?p=444\">Alan Ferreira rejoint notre \u00e9quipe aux Roches de Condrieu&#8230;<\/a><time datetime=\"2021-03-30T09:46:59+02:00\" class=\"wp-block-latest-posts__post-date\">30 March 2021<\/time><div class=\"wp-block-latest-posts__post-excerpt\">Je m&#8217;appelle Alan Ferreira et je suis dipl\u00f4m\u00e9 en Psychologie Sociale, du Travail et des Organisations. J&#8217;ai \u00e9galement une &hellip; <p class=\"link-more\"><a href=\"https:\/\/ostealia.fr\/?p=444\" class=\"more-link\">Continue reading<span class=\"screen-reader-text\"> &#8220;Alan Ferreira rejoint notre \u00e9quipe aux Roches de Condrieu&#8230;&#8221;<\/span><\/a><\/p><\/div><\/li>\n<li><div class=\"wp-block-latest-posts__featured-image aligncenter\"><img width=\"300\" height=\"180\" src=\"https:\/\/ostealia.fr\/wp-content\/uploads\/2021\/01\/oste3-300x180.jpg\" class=\"attachment-medium size-medium wp-post-image\" alt=\"\" loading=\"lazy\" style=\"max-width:300px;\" sizes=\"100vw\" \/><\/div><a href=\"https:\/\/ostealia.fr\/?p=315\">Le cabinet Ost\u00e9alia \u00e9volue<\/a><time datetime=\"2021-01-25T11:19:28+01:00\" class=\"wp-block-latest-posts__post-date\">25 January 2021<\/time><div class=\"wp-block-latest-posts__post-excerpt\">Vous trouverez, au cabinet, une nouvelle collaboratrice&nbsp;&nbsp;Alexandra Paccalet dipl\u00f4m\u00e9e en ost\u00e9opathie et form\u00e9e pour la prise en charge p\u00e9diatrique &hellip; <p class=\"link-more\"><a href=\"https:\/\/ostealia.fr\/?p=315\" class=\"more-link\">Continue reading<span class=\"screen-reader-text\"> &#8220;Le cabinet Ost\u00e9alia \u00e9volue&#8221;<\/span><\/a><\/p><\/div><\/li>\n<\/ul>\n\n\n<p><\/p>\n","protected":false},"excerpt":{"rendered":"","protected":false},"author":1,"featured_media":0,"parent":0,"menu_order":0,"comment_status":"closed","ping_status":"closed","template":"","meta":[],"rttpg_featured_image_url":null,"rttpg_author":{"display_name":"Ostealia","author_link":"https:\/\/ostealia.fr\/?author=1"},"rttpg_comment":0,"rttpg_category":null,"rttpg_excerpt":null,"_links":{"self":[{"href":"https:\/\/ostealia.fr\/index.php?rest_route=\/wp\/v2\/pages\/313"}],"collection":[{"href":"https:\/\/ostealia.fr\/index.php?rest_route=\/wp\/v2\/pages"}],"about":[{"href":"https:\/\/ostealia.fr\/index.php?rest_route=\/wp\/v2\/types\/page"}],"author":[{"embeddable":true,"href":"https:\/\/ostealia.fr\/index.php?rest_route=\/wp\/v2\/users\/1"}],"replies":[{"embeddable":true,"href":"https:\/\/ostealia.fr\/index.php?rest_route=%2Fwp%2Fv2%2Fcomments&post=313"}],"version-history":[{"count":11,"href":"https:\/\/ostealia.fr\/index.php?rest_route=\/wp\/v2\/pages\/313\/revisions"}],"predecessor-version":[{"id":398,"href":"https:\/\/ostealia.fr\/index.php?rest_route=\/wp\/v2\/pages\/313\/revisions\/398"}],"wp:attachment":[{"href":"https:\/\/ostealia.fr\/index.php?rest_route=%2Fwp%2Fv2%2Fmedia&parent=313"}],"curies":[{"name":"wp","href":"https:\/\/api.w.org\/{rel}","templated":true}]}}