{"id":8,"date":"2021-01-21T09:00:41","date_gmt":"2021-01-21T08:00:41","guid":{"rendered":"http:\/\/ostealia.fr\/?page_id=8"},"modified":"2024-12-11T16:33:29","modified_gmt":"2024-12-11T15:33:29","slug":"accueil","status":"publish","type":"page","link":"https:\/\/ostealia.fr\/","title":{"rendered":""},"content":{"rendered":"<h1 style=\"text-align: center;\"><strong><span style=\"color: #0b89b3;\">BIENVENUE AU CABINET<\/span><\/strong><br \/><strong><span style=\"color: #0b89b3;\">D&#8217;OSTEOPATHIE OSTEALIA<\/span><\/strong><\/h1>\n<p style=\"text-align: center;\"><img loading=\"lazy\" class=\"aligncenter\" src=\"http:\/\/ostealia.fr\/wp-content\/uploads\/2021\/01\/oste3.jpg\" sizes=\"100vw\" srcset=\"http:\/\/ostealia.fr\/wp-content\/uploads\/2021\/01\/oste3.jpg 627w, http:\/\/ostealia.fr\/wp-content\/uploads\/2021\/01\/oste3-300x180.jpg 300w\" alt=\"\" width=\"627\" height=\"377\" \/><br \/><span style=\"color: #0b89b3;\"><a style=\"color: #0b89b3;\" role=\"button\" href=\"https:\/\/www.doctolib.fr\/cabinet-osteopathie\/les-roches-de-condrieu\/cabinet-d-osteopathie-ostealia\" target=\"_blank\" rel=\"noopener noreferrer\"><br \/><span style=\"color: #000000;\">PRENDRE RENDEZ-VOUS SUR DOCTOLIB<\/span><br \/><\/a><\/span><\/p>\n<h2 style=\"text-align: center;\"><span style=\"color: #808080;\">Prise de rendez-vous par t\u00e9l\u00e9phone : <strong>04 74 87 63 54<\/strong><\/span><\/h2>\n<h2 style=\"text-align: center;\"><span style=\"color: #808080;\">Prise de rendez-vous \u00e0 domicile :\u00a0<strong>06 62 17 <em>57<\/em> 25<\/strong><\/span><\/h2>\n<p>\u00a0<\/p>\n\n\n<div class=\"wp-block-media-text alignwide is-stacked-on-mobile\"><figure class=\"wp-block-media-text__media\"><\/figure><div class=\"wp-block-media-text__content\">\n<p class=\"has-large-font-size\"><\/p>\n<\/div><\/div>\n\n\n\n<div class=\"wp-block-media-text alignwide is-stacked-on-mobile\"><figure class=\"wp-block-media-text__media\"><\/figure><div class=\"wp-block-media-text__content\">\n<p class=\"has-large-font-size\"><\/p>\n<\/div><\/div>\n","protected":false},"excerpt":{"rendered":"<p>BIENVENUE AU CABINETD&#8217;OSTEOPATHIE OSTEALIA PRENDRE RENDEZ-VOUS SUR DOCTOLIB Prise de rendez-vous par t\u00e9l\u00e9phone : 04 74 87 63 54 Prise de rendez-vous \u00e0 domicile :\u00a006 62 17 57 25 \u00a0<\/p>\n","protected":false},"author":1,"featured_media":0,"parent":0,"menu_order":0,"comment_status":"closed","ping_status":"closed","template":"","meta":[],"rttpg_featured_image_url":null,"rttpg_author":{"display_name":"Ostealia","author_link":"https:\/\/ostealia.fr\/?author=1"},"rttpg_comment":0,"rttpg_category":null,"rttpg_excerpt":"BIENVENUE AU CABINETD&#8217;OSTEOPATHIE OSTEALIA PRENDRE RENDEZ-VOUS SUR DOCTOLIB Prise de rendez-vous par t\u00e9l\u00e9phone : 04 74 87 63 54 Prise de rendez-vous \u00e0 domicile :\u00a006 62 17 57 25 \u00a0","_links":{"self":[{"href":"https:\/\/ostealia.fr\/index.php?rest_route=\/wp\/v2\/pages\/8"}],"collection":[{"href":"https:\/\/ostealia.fr\/index.php?rest_route=\/wp\/v2\/pages"}],"about":[{"href":"https:\/\/ostealia.fr\/index.php?rest_route=\/wp\/v2\/types\/page"}],"author":[{"embeddable":true,"href":"https:\/\/ostealia.fr\/index.php?rest_route=\/wp\/v2\/users\/1"}],"replies":[{"embeddable":true,"href":"https:\/\/ostealia.fr\/index.php?rest_route=%2Fwp%2Fv2%2Fcomments&post=8"}],"version-history":[{"count":93,"href":"https:\/\/ostealia.fr\/index.php?rest_route=\/wp\/v2\/pages\/8\/revisions"}],"predecessor-version":[{"id":476,"href":"https:\/\/ostealia.fr\/index.php?rest_route=\/wp\/v2\/pages\/8\/revisions\/476"}],"wp:attachment":[{"href":"https:\/\/ostealia.fr\/index.php?rest_route=%2Fwp%2Fv2%2Fmedia&parent=8"}],"curies":[{"name":"wp","href":"https:\/\/api.w.org\/{rel}","templated":true}]}}